{"id":1147,"date":"2023-11-09T12:50:39","date_gmt":"2023-11-09T11:50:39","guid":{"rendered":"https:\/\/lesupertshirtmichel.fr\/?page_id=1147"},"modified":"2025-02-02T17:00:28","modified_gmt":"2025-02-02T16:00:28","slug":"1147-2","status":"publish","type":"page","link":"https:\/\/lesupertshirtmichel.fr\/?page_id=1147","title":{"rendered":"INTERVIEW"},"content":{"rendered":"\n<p><\/p>\n\n\n\n<blockquote class=\"wp-block-quote has-ti-accent-secondary-color has-text-color has-link-color wp-elements-326bc2549109acbdc2e7567d05e2c9c1 is-layout-flow wp-block-quote-is-layout-flow\">\n<figure class=\"wp-block-audio\"><audio controls src=\"https:\/\/lesupertshirtmichel.fr\/wp-content\/uploads\/2023\/11\/Interview-la-mama-1.mp3\"><\/audio><\/figure>\n<cite><strong>Micheline, la femme sans qui la marque  \u00ab\u00a0le super t-shirt Michel\u00a0\u00bb<\/strong> <strong>n&rsquo;aurait jamais vu le jour<\/strong><\/cite><\/blockquote>\n\n\n\n<blockquote class=\"wp-block-quote has-vivid-green-cyan-color has-text-color has-link-color wp-elements-718973e25805322e1fb16f1e9b10e983 is-layout-flow wp-block-quote-is-layout-flow\">\n<figure class=\"wp-block-audio\"><audio controls src=\"https:\/\/lesupertshirtmichel.fr\/wp-content\/uploads\/2023\/11\/Interview-des-fils-du-concepteur-de-la-marque-1.mp3\"><\/audio><\/figure>\n<cite><strong>Les deux fils tr\u00e8s impliqu\u00e9s du concepteur de la marque \u00ab\u00a0le super t-shirt Michel\u00a0\u00bb<\/strong><\/cite><\/blockquote>\n\n\n\n<blockquote class=\"wp-block-quote is-layout-flow wp-block-quote-is-layout-flow\">\n<figure class=\"wp-block-audio\"><audio controls src=\"https:\/\/lesupertshirtmichel.fr\/wp-content\/uploads\/2023\/11\/Interview-de-Dominique_-maitre-formateur.mp3\"><\/audio><\/figure>\n<cite><strong><mark style=\"background-color:rgba(0, 0, 0, 0);color:#690543\" class=\"has-inline-color\">Dominique, sp\u00e9cialiste des jeux de soci\u00e9t\u00e9  et Grand  Maitre Formateur <\/mark><\/strong><\/cite><\/blockquote>\n\n\n\n<blockquote class=\"wp-block-quote is-layout-flow wp-block-quote-is-layout-flow\">\n<figure class=\"wp-block-audio\"><audio controls src=\"https:\/\/lesupertshirtmichel.fr\/wp-content\/uploads\/2023\/12\/Yann.mp3\"><\/audio><\/figure>\n<cite><strong><mark style=\"background-color:rgba(0, 0, 0, 0);color:#ed0d0d\" class=\"has-inline-color\">Yann, manager consultant et \u00e9g\u00e9rie de la marque<\/mark><\/strong><\/cite><\/blockquote>\n\n\n\n<blockquote class=\"wp-block-quote is-layout-flow wp-block-quote-is-layout-flow\"><\/blockquote>\n\n\n\n<blockquote class=\"wp-block-quote is-layout-flow wp-block-quote-is-layout-flow\"><\/blockquote>\n\n\n\n<blockquote class=\"wp-block-quote is-layout-flow wp-block-quote-is-layout-flow\">\n<figure class=\"wp-block-audio\"><audio controls src=\"https:\/\/lesupertshirtmichel.fr\/wp-content\/uploads\/2023\/11\/Bimbo-1.mp3\"><\/audio><\/figure>\n<cite><strong><mark style=\"background-color:rgba(0, 0, 0, 0);color:#1299a3\" class=\"has-inline-color\">Micro cach\u00e9 : deux  bimbos dans un parc <\/mark><\/strong><\/cite><\/blockquote>\n\n\n\n<p><\/p>\n","protected":false},"excerpt":{"rendered":"","protected":false},"author":1,"featured_media":0,"parent":0,"menu_order":0,"comment_status":"closed","ping_status":"closed","template":"","meta":{"footnotes":""},"class_list":["post-1147","page","type-page","status-publish","hentry"],"_links":{"self":[{"href":"https:\/\/lesupertshirtmichel.fr\/index.php?rest_route=\/wp\/v2\/pages\/1147","targetHints":{"allow":["GET"]}}],"collection":[{"href":"https:\/\/lesupertshirtmichel.fr\/index.php?rest_route=\/wp\/v2\/pages"}],"about":[{"href":"https:\/\/lesupertshirtmichel.fr\/index.php?rest_route=\/wp\/v2\/types\/page"}],"author":[{"embeddable":true,"href":"https:\/\/lesupertshirtmichel.fr\/index.php?rest_route=\/wp\/v2\/users\/1"}],"replies":[{"embeddable":true,"href":"https:\/\/lesupertshirtmichel.fr\/index.php?rest_route=%2Fwp%2Fv2%2Fcomments&post=1147"}],"version-history":[{"count":29,"href":"https:\/\/lesupertshirtmichel.fr\/index.php?rest_route=\/wp\/v2\/pages\/1147\/revisions"}],"predecessor-version":[{"id":2201,"href":"https:\/\/lesupertshirtmichel.fr\/index.php?rest_route=\/wp\/v2\/pages\/1147\/revisions\/2201"}],"wp:attachment":[{"href":"https:\/\/lesupertshirtmichel.fr\/index.php?rest_route=%2Fwp%2Fv2%2Fmedia&parent=1147"}],"curies":[{"name":"wp","href":"https:\/\/api.w.org\/{rel}","templated":true}]}}