{"id":1339,"date":"2023-11-20T20:38:59","date_gmt":"2023-11-20T19:38:59","guid":{"rendered":"https:\/\/lesupertshirtmichel.fr\/?page_id=1339"},"modified":"2024-12-08T07:23:40","modified_gmt":"2024-12-08T06:23:40","slug":"pour-tout-contact-lesupertshirtmichelgmail-com","status":"publish","type":"page","link":"https:\/\/lesupertshirtmichel.fr\/?page_id=1339","title":{"rendered":"Pour tout contact :  lesupertshirtmichel@gmail.com"},"content":{"rendered":"\n<p><strong><mark style=\"background-color:rgba(0, 0, 0, 0)\" class=\"has-inline-color has-ti-bg-inv-color\">Pour tout contact :<\/mark> <em><mark style=\"background-color:rgba(0, 0, 0, 0)\" class=\"has-inline-color has-ti-accent-secondary-color\">lesupertshirtmichel<\/mark><\/em><\/strong><em><mark style=\"background-color:rgba(0, 0, 0, 0)\" class=\"has-inline-color has-ti-accent-secondary-color\"><strong>@gmail.com<\/strong><\/mark><\/em><\/p>\n\n\n\n<ul class=\"wp-block-list\">\n<li>Recherchons star internationale ( ou r\u00e9gionale voir d\u00e9partementale ) pour \u00eatre ambassadrice de la marque ( salon de la mode, Fashion Week etc ).<\/li>\n\n\n\n<li>Si vous avez la m\u00eame \u00e9criture que Louise Michel, contactez-nous pour le mod\u00e8le \u00e0 venir. <\/li>\n\n\n\n<li>Ami(e)s de Michel Sardou, Michel Platini, Michel Polnareff etc, pri\u00e8re de les convaincre de collaborer \u00e0 l&rsquo;un de nos futurs mod\u00e8les.<\/li>\n\n\n\n<li>Si vous avez vu l&rsquo;archange Michel, faites nous part de votre t\u00e9moignage.<\/li>\n<\/ul>\n","protected":false},"excerpt":{"rendered":"<p>Pour tout contact : lesupertshirtmichel@gmail.com<\/p>\n","protected":false},"author":1,"featured_media":0,"parent":0,"menu_order":0,"comment_status":"closed","ping_status":"closed","template":"","meta":{"footnotes":""},"class_list":["post-1339","page","type-page","status-publish","hentry"],"_links":{"self":[{"href":"https:\/\/lesupertshirtmichel.fr\/index.php?rest_route=\/wp\/v2\/pages\/1339","targetHints":{"allow":["GET"]}}],"collection":[{"href":"https:\/\/lesupertshirtmichel.fr\/index.php?rest_route=\/wp\/v2\/pages"}],"about":[{"href":"https:\/\/lesupertshirtmichel.fr\/index.php?rest_route=\/wp\/v2\/types\/page"}],"author":[{"embeddable":true,"href":"https:\/\/lesupertshirtmichel.fr\/index.php?rest_route=\/wp\/v2\/users\/1"}],"replies":[{"embeddable":true,"href":"https:\/\/lesupertshirtmichel.fr\/index.php?rest_route=%2Fwp%2Fv2%2Fcomments&post=1339"}],"version-history":[{"count":13,"href":"https:\/\/lesupertshirtmichel.fr\/index.php?rest_route=\/wp\/v2\/pages\/1339\/revisions"}],"predecessor-version":[{"id":2145,"href":"https:\/\/lesupertshirtmichel.fr\/index.php?rest_route=\/wp\/v2\/pages\/1339\/revisions\/2145"}],"wp:attachment":[{"href":"https:\/\/lesupertshirtmichel.fr\/index.php?rest_route=%2Fwp%2Fv2%2Fmedia&parent=1339"}],"curies":[{"name":"wp","href":"https:\/\/api.w.org\/{rel}","templated":true}]}}